{"id":118,"date":"2018-12-19T22:59:38","date_gmt":"2018-12-19T21:59:38","guid":{"rendered":"https:\/\/capharnaumdeyumekahome.wordpress.com\/?page_id=2"},"modified":"2018-12-19T22:59:38","modified_gmt":"2018-12-19T21:59:38","slug":"a-propos","status":"publish","type":"page","link":"https:\/\/capharnaum.yumeka.fr\/index.php\/a-propos\/","title":{"rendered":"\u00c0 propos"},"content":{"rendered":"<p>Ceci est un exemple de page \u00ab\u00a0\u00c0 propos\u00a0\u00bb. \u00c0 la diff\u00e9rence des articles, les pages sont plut\u00f4t destin\u00e9es \u00e0 du contenu dont vous souhaitez qu\u2019il soit toujours facilement accessible, comme votre pr\u00e9sentation ou vos coordonn\u00e9es. Cliquez sur le lien de modification pour modifier cette page ou <a href=\"https:\/\/wordpress.com\/page\">ajouter une autre page<\/a>.<\/p>\n","protected":false},"excerpt":{"rendered":"<p>Ceci est un exemple de page \u00ab\u00a0\u00c0 propos\u00a0\u00bb. \u00c0 la diff\u00e9rence des articles, les pages sont plut\u00f4t destin\u00e9es [&hellip;]<\/p>\n","protected":false},"author":1,"featured_media":0,"parent":0,"menu_order":1,"comment_status":"closed","ping_status":"closed","template":"","meta":{"footnotes":""},"class_list":["post-118","page","type-page","status-publish","hentry"],"_links":{"self":[{"href":"https:\/\/capharnaum.yumeka.fr\/index.php\/wp-json\/wp\/v2\/pages\/118","targetHints":{"allow":["GET"]}}],"collection":[{"href":"https:\/\/capharnaum.yumeka.fr\/index.php\/wp-json\/wp\/v2\/pages"}],"about":[{"href":"https:\/\/capharnaum.yumeka.fr\/index.php\/wp-json\/wp\/v2\/types\/page"}],"author":[{"embeddable":true,"href":"https:\/\/capharnaum.yumeka.fr\/index.php\/wp-json\/wp\/v2\/users\/1"}],"replies":[{"embeddable":true,"href":"https:\/\/capharnaum.yumeka.fr\/index.php\/wp-json\/wp\/v2\/comments?post=118"}],"version-history":[{"count":0,"href":"https:\/\/capharnaum.yumeka.fr\/index.php\/wp-json\/wp\/v2\/pages\/118\/revisions"}],"wp:attachment":[{"href":"https:\/\/capharnaum.yumeka.fr\/index.php\/wp-json\/wp\/v2\/media?parent=118"}],"curies":[{"name":"wp","href":"https:\/\/api.w.org\/{rel}","templated":true}]}}